{"id":96,"date":"2014-01-06T18:33:21","date_gmt":"2014-01-06T18:33:21","guid":{"rendered":"http:\/\/holmakvisl.is\/?page_id=96"},"modified":"2020-05-17T21:45:17","modified_gmt":"2020-05-17T21:45:17","slug":"ymis-verkefni","status":"publish","type":"page","link":"https:\/\/holmakvisl.is\/?page_id=96","title":{"rendered":"Verkefni"},"content":{"rendered":"","protected":false},"excerpt":{"rendered":"","protected":false},"author":1,"featured_media":0,"parent":0,"menu_order":0,"comment_status":"closed","ping_status":"closed","template":"","meta":{"spay_email":""},"jetpack_shortlink":"https:\/\/wp.me\/P48CwL-1y","jetpack_sharing_enabled":true,"jetpack_likes_enabled":true,"jetpack-related-posts":[{"id":10,"url":"https:\/\/holmakvisl.is\/?page_id=10","url_meta":{"origin":96,"position":0},"title":"UM","date":"October 24, 2013","format":false,"excerpt":"Sigur\u00f0ur J\u00f3nsson Sigur\u00f0ur J\u00f3nsson er byggingaverkfr\u00e6\u00f0ingur og starfar hj\u00e1 Eflu \u00e1 austurlandi. Helstu verkefni eru fyrir sveitarf\u00e9l\u00f6g og fyrirt\u00e6ki \u00e1 austurlandi vi\u00f0 skipulagsm\u00e1l, h\u00f6nnun og framkv\u00e6mdir vi\u00f0 mannvirki og veitukerfi af \u00fdmsu tagi.","rel":"","context":"Similar post","img":{"alt_text":"","src":"https:\/\/i0.wp.com\/holmakvisl.is\/wp-content\/uploads\/2013\/10\/sigurdurjonsson-2.jpg?resize=350%2C200","width":350,"height":200},"classes":[]}],"_links":{"self":[{"href":"https:\/\/holmakvisl.is\/index.php?rest_route=\/wp\/v2\/pages\/96"}],"collection":[{"href":"https:\/\/holmakvisl.is\/index.php?rest_route=\/wp\/v2\/pages"}],"about":[{"href":"https:\/\/holmakvisl.is\/index.php?rest_route=\/wp\/v2\/types\/page"}],"author":[{"embeddable":true,"href":"https:\/\/holmakvisl.is\/index.php?rest_route=\/wp\/v2\/users\/1"}],"replies":[{"embeddable":true,"href":"https:\/\/holmakvisl.is\/index.php?rest_route=%2Fwp%2Fv2%2Fcomments&post=96"}],"version-history":[{"count":3,"href":"https:\/\/holmakvisl.is\/index.php?rest_route=\/wp\/v2\/pages\/96\/revisions"}],"predecessor-version":[{"id":533,"href":"https:\/\/holmakvisl.is\/index.php?rest_route=\/wp\/v2\/pages\/96\/revisions\/533"}],"wp:attachment":[{"href":"https:\/\/holmakvisl.is\/index.php?rest_route=%2Fwp%2Fv2%2Fmedia&parent=96"}],"curies":[{"name":"wp","href":"https:\/\/api.w.org\/{rel}","templated":true}]}}